{"id":146,"date":"2025-09-16T17:11:44","date_gmt":"2025-09-16T17:11:44","guid":{"rendered":"https:\/\/ltlsas.com\/?page_id=146"},"modified":"2025-09-22T22:11:21","modified_gmt":"2025-09-22T22:11:21","slug":"services","status":"publish","type":"page","link":"https:\/\/ltlsas.com\/?page_id=146","title":{"rendered":"SERVICIOS"},"content":{"rendered":"\n<div class=\"wp-block-group alignfull has-light-background-color has-background has-global-padding is-layout-constrained wp-container-core-group-is-layout-ed87fede wp-block-group-is-layout-constrained\" style=\"margin-top:0;margin-bottom:0;padding-top:var(--wp--preset--spacing--xx-large);padding-right:var(--wp--preset--spacing--x-small);padding-bottom:var(--wp--preset--spacing--xx-large);padding-left:var(--wp--preset--spacing--x-small)\">\n<div class=\"wp-block-columns is-layout-flex wp-container-core-columns-is-layout-28f84493 wp-block-columns-is-layout-flex\">\n<div class=\"wp-block-column is-layout-flow wp-block-column-is-layout-flow\" style=\"flex-basis:60%\">\n<div class=\"wp-block-group has-global-padding is-layout-constrained wp-container-core-group-is-layout-4b99461e wp-block-group-is-layout-constrained\">\n<div class=\"wp-block-group is-nowrap is-layout-flex wp-container-core-group-is-layout-6c531013 wp-block-group-is-layout-flex\">\n<h6 class=\"wp-block-heading has-highlight-color has-text-color has-link-color has-x-small-font-size wp-elements-0541bae5e15f8b771b1fbb9db57ab499\">SERVICIOS<\/h6>\n\n\n\n<hr class=\"wp-block-separator has-text-color has-highlight-color has-alpha-channel-opacity has-highlight-background-color has-background is-style-wide wp-container-content-e1bb55cb\"\/>\n<\/div>\n\n\n\n<h2 class=\"wp-block-heading\" style=\"line-height:1.1\">Ofrecemos la mejor calidad en servicios de transporte<\/h2>\n<\/div>\n<\/div>\n\n\n\n<div class=\"wp-block-column is-layout-flow wp-block-column-is-layout-flow\" style=\"flex-basis:23%\"><\/div>\n\n\n\n<div class=\"wp-block-column is-vertically-aligned-bottom is-layout-flow wp-block-column-is-layout-flow\" style=\"flex-basis:17%\">\n<div class=\"wp-block-buttons is-content-justification-left is-layout-flex wp-container-core-buttons-is-layout-fc4fd283 wp-block-buttons-is-layout-flex\">\n<div class=\"wp-block-button\"><a class=\"wp-block-button__link wp-element-button\" style=\"border-radius:5px;padding-top:20px;padding-right:var(--wp--preset--spacing--medium);padding-bottom:20px;padding-left:var(--wp--preset--spacing--medium)\">NUESTROS SERVICIOS<\/a><\/div>\n<\/div>\n<\/div>\n<\/div>\n\n\n\n<div class=\"wp-block-columns is-layout-flex wp-container-core-columns-is-layout-f619a8c7 wp-block-columns-is-layout-flex\">\n<div class=\"wp-block-column is-layout-flow wp-block-column-is-layout-flow\">\n<div class=\"wp-block-group has-global-padding is-layout-constrained wp-block-group-is-layout-constrained has-background\" style=\"border-radius:15px;margin-top:0;margin-bottom:0;padding-top:0;padding-bottom:0;background-image:url(&#039;https:\/\/ltlsas.com\/wp-content\/themes\/blockskit-construction\/assets\/images\/service-img1.jpg&#039;);background-position:49% 41%;background-size:cover;\">\n<div style=\"margin-top:0;margin-bottom:0;height:286px\" aria-hidden=\"true\" class=\"wp-block-spacer\"><\/div>\n\n\n\n<div class=\"wp-block-group has-background-background-color has-background is-nowrap is-layout-flex wp-container-core-group-is-layout-ab788452 wp-block-group-is-layout-flex\" style=\"border-top-left-radius:50px;border-top-right-radius:50px;border-bottom-left-radius:15px;border-bottom-right-radius:15px;border-bottom-color:var(--wp--preset--color--highlight);border-bottom-width:2px;padding-top:0;padding-right:0;padding-bottom:0;padding-left:0\">\n<div class=\"wp-block-group wp-container-content-36c51660 is-vertical is-content-justification-center is-nowrap is-layout-flex wp-container-core-group-is-layout-61ab0b23 wp-block-group-is-layout-flex\" style=\"padding-top:0;padding-right:0;padding-bottom:0;padding-left:0\">\n<div class=\"wp-block-group has-global-padding is-layout-constrained wp-container-core-group-is-layout-4d709dd7 wp-block-group-is-layout-constrained\" style=\"padding-top:0;padding-right:0;padding-bottom:var(--wp--preset--spacing--x-small);padding-left:0\">\n<figure class=\"wp-block-image size-full\"><img decoding=\"async\" src=\"https:\/\/ltlsas.com\/wp-content\/themes\/blockskit-construction\/assets\/images\/service-img7.png\" alt=\"\" class=\"wp-image-150\"\/><\/figure>\n<\/div>\n<\/div>\n\n\n\n<div class=\"wp-block-group is-nowrap is-layout-flex wp-container-core-group-is-layout-57237712 wp-block-group-is-layout-flex\" style=\"border-left-color:var(--wp--preset--color--outline);border-left-width:1px;padding-top:var(--wp--preset--spacing--small);padding-right:var(--wp--preset--spacing--medium);padding-bottom:var(--wp--preset--spacing--small);padding-left:var(--wp--preset--spacing--medium)\">\n<div class=\"wp-block-group has-global-padding is-layout-constrained wp-container-core-group-is-layout-c40a8074 wp-block-group-is-layout-constrained\">\n<h5 class=\"wp-block-heading\">Carga Seca<\/h5>\n\n\n\n<p>Entendemos la importancia de que su mercanc\u00eda llegue a su destino en perfectas condiciones y en los tiempos de entrega pactados. <\/p>\n\n\n\n<p><\/p>\n<\/div>\n<\/div>\n<\/div>\n<\/div>\n<\/div>\n\n\n\n<div class=\"wp-block-column is-layout-flow wp-block-column-is-layout-flow\">\n<div class=\"wp-block-group has-global-padding is-layout-constrained wp-block-group-is-layout-constrained has-background\" style=\"border-radius:15px;margin-top:0;margin-bottom:0;padding-top:0;padding-bottom:0;background-image:url(&#039;https:\/\/ltlsas.com\/wp-content\/themes\/blockskit-construction\/assets\/images\/service-img3.jpg&#039;);background-size:cover;\">\n<div style=\"height:305px\" aria-hidden=\"true\" class=\"wp-block-spacer\"><\/div>\n\n\n\n<div class=\"wp-block-group has-background-background-color has-background is-nowrap is-layout-flex wp-container-core-group-is-layout-ab788452 wp-block-group-is-layout-flex\" style=\"border-top-left-radius:50px;border-top-right-radius:50px;border-bottom-left-radius:15px;border-bottom-right-radius:15px;border-bottom-color:var(--wp--preset--color--highlight);border-bottom-width:2px;padding-top:0;padding-right:0;padding-bottom:0;padding-left:0\">\n<div class=\"wp-block-group wp-container-content-36c51660 is-vertical is-content-justification-center is-nowrap is-layout-flex wp-container-core-group-is-layout-61ab0b23 wp-block-group-is-layout-flex\" style=\"padding-top:0;padding-right:0;padding-bottom:0;padding-left:0\">\n<div class=\"wp-block-group has-global-padding is-layout-constrained wp-container-core-group-is-layout-4d709dd7 wp-block-group-is-layout-constrained\" style=\"padding-top:0;padding-right:0;padding-bottom:var(--wp--preset--spacing--x-small);padding-left:0\">\n<figure class=\"wp-block-image size-full\"><img decoding=\"async\" src=\"https:\/\/ltlsas.com\/wp-content\/themes\/blockskit-construction\/assets\/images\/service-img7.png\" alt=\"\" class=\"wp-image-150\"\/><\/figure>\n<\/div>\n<\/div>\n\n\n\n<div class=\"wp-block-group is-nowrap is-layout-flex wp-container-core-group-is-layout-57237712 wp-block-group-is-layout-flex\" style=\"border-left-color:var(--wp--preset--color--outline);border-left-width:1px;padding-top:var(--wp--preset--spacing--small);padding-right:var(--wp--preset--spacing--medium);padding-bottom:var(--wp--preset--spacing--small);padding-left:var(--wp--preset--spacing--medium)\">\n<div class=\"wp-block-group has-global-padding is-layout-constrained wp-container-core-group-is-layout-c40a8074 wp-block-group-is-layout-constrained\">\n<h5 class=\"wp-block-heading\">Carga L\u00edquida<\/h5>\n\n\n\n<p>Nos especializamos en el transporte de carga l\u00edquida, operando bajo las m\u00e1s estrictas normativas de seguridad y medio ambiente. <\/p>\n\n\n\n<p><\/p>\n<\/div>\n<\/div>\n<\/div>\n<\/div>\n<\/div>\n\n\n\n<div class=\"wp-block-column is-layout-flow wp-block-column-is-layout-flow\">\n<div class=\"wp-block-group has-global-padding is-layout-constrained wp-block-group-is-layout-constrained has-background\" style=\"border-radius:15px;margin-top:0;margin-bottom:0;padding-top:0;padding-bottom:0;background-image:url(&#039;https:\/\/ltlsas.com\/wp-content\/themes\/blockskit-construction\/assets\/images\/service-img5.jpg&#039;);background-size:cover;\">\n<div style=\"height:317px\" aria-hidden=\"true\" class=\"wp-block-spacer\"><\/div>\n\n\n\n<div class=\"wp-block-group has-background-background-color has-background is-nowrap is-layout-flex wp-container-core-group-is-layout-ab788452 wp-block-group-is-layout-flex\" style=\"border-top-left-radius:50px;border-top-right-radius:50px;border-bottom-left-radius:15px;border-bottom-right-radius:15px;border-bottom-color:var(--wp--preset--color--highlight);border-bottom-width:2px;padding-top:0;padding-right:0;padding-bottom:0;padding-left:0\">\n<div class=\"wp-block-group wp-container-content-36c51660 is-vertical is-content-justification-center is-nowrap is-layout-flex wp-container-core-group-is-layout-61ab0b23 wp-block-group-is-layout-flex\" style=\"padding-top:0;padding-right:0;padding-bottom:0;padding-left:0\">\n<div class=\"wp-block-group has-global-padding is-layout-constrained wp-container-core-group-is-layout-4d709dd7 wp-block-group-is-layout-constrained\" style=\"padding-top:0;padding-right:0;padding-bottom:var(--wp--preset--spacing--x-small);padding-left:0\">\n<figure class=\"wp-block-image size-full\"><img decoding=\"async\" src=\"https:\/\/ltlsas.com\/wp-content\/themes\/blockskit-construction\/assets\/images\/service-img7.png\" alt=\"\" class=\"wp-image-150\"\/><\/figure>\n<\/div>\n<\/div>\n\n\n\n<div class=\"wp-block-group is-nowrap is-layout-flex wp-container-core-group-is-layout-57237712 wp-block-group-is-layout-flex\" style=\"border-left-color:var(--wp--preset--color--outline);border-left-width:1px;padding-top:var(--wp--preset--spacing--small);padding-right:var(--wp--preset--spacing--medium);padding-bottom:var(--wp--preset--spacing--small);padding-left:var(--wp--preset--spacing--medium)\">\n<div class=\"wp-block-group has-global-padding is-layout-constrained wp-container-core-group-is-layout-c40a8074 wp-block-group-is-layout-constrained\">\n<h5 class=\"wp-block-heading\">Cargas Especiales<\/h5>\n\n\n\n<p>Manejamos los desaf\u00edos log\u00edsticos m\u00e1s complejos con nuestro servicio. Ya sea por dimensiones, peso o naturaleza de la mercanc\u00eda.<\/p>\n<\/div>\n<\/div>\n<\/div>\n<\/div>\n<\/div>\n<\/div>\n<\/div>\n\n\n\n<div class=\"wp-block-group has-global-padding is-content-justification-center is-layout-constrained wp-container-core-group-is-layout-0c39ef2d wp-block-group-is-layout-constrained\">\n<div class=\"wp-block-group is-style-bk-box-shadow has-pure-white-background-color has-background is-layout-flow wp-block-group-is-layout-flow\" style=\"border-radius:6px;padding-top:var(--wp--preset--spacing--medium);padding-right:var(--wp--preset--spacing--medium);padding-bottom:var(--wp--preset--spacing--medium);padding-left:var(--wp--preset--spacing--medium)\">\n<h5 class=\"wp-block-heading has-text-align-left has-body-color has-text-color has-large-font-size\" style=\"margin-bottom:var(--wp--preset--spacing--small)\"><strong>Carga Seca<\/strong><\/h5>\n\n\n\n<div class=\"wp-block-columns is-layout-flex wp-container-core-columns-is-layout-28f84493 wp-block-columns-is-layout-flex\">\n<div class=\"wp-block-column is-layout-flow wp-block-column-is-layout-flow\">\n<p>El <strong>transporte<\/strong> de <strong>mercanc\u00eda seca <\/strong>por carretera es vital porque garantiza la movilidad de bienes esenciales para la econom\u00eda, desde la producci\u00f3n hasta el consumidor final, ofreciendo flexibilidad, accesibilidad a \u00e1reas remotas y un monitoreo constante de la carga. Este m\u00e9todo de transporte es indispensable en las cadenas de suministro globales y locales, impulsando el comercio, la creaci\u00f3n de empleo y el desarrollo econ\u00f3mico, al conectar directamente a proveedores y clientes y optimizar la log\u00edstica de \u00faltimo tramo en sistemas multimodales.<br><br><strong>Importancia del transporte de carga seca por carretera:<\/strong><br><br><strong>Conexi\u00f3n directa y flexibilidad:<\/strong><br>El transporte por carretera permite un env\u00edo directo desde el punto de origen al destino, sin necesidad de intermediarios, y se adapta a diferentes circunstancias, \u00e9pocas del a\u00f1o y necesidades espec\u00edficas de la carga.<br><strong>Accesibilidad a \u00e1reas remotas:<\/strong><br>Las carreteras llegan a lugares donde otros modos de transporte no pueden, permitiendo la entrega de bienes y servicios a zonas rurales y de dif\u00edcil acceso, lo cual es clave para el desarrollo de estas regiones.<br><strong>Motor econ\u00f3mico y laboral:<\/strong><br>Es un pilar fundamental para el crecimiento econ\u00f3mico, ya que facilita el comercio entre regiones y pa\u00edses, y genera empleo en el sector log\u00edstico y de transporte.<br><strong>Componente clave en las cadenas de suministro:<\/strong><br>Forma un eslab\u00f3n indispensable para integrar otros modos de transporte como el mar\u00edtimo, a\u00e9reo o ferroviario, completando el recorrido de las mercanc\u00edas hasta su destino final de manera eficiente.<br><strong>Monitoreo y seguridad de la carga:<\/strong><br>Permite un seguimiento constante y detallado de la carga, as\u00ed como la adaptaci\u00f3n del tipo de veh\u00edculo a las necesidades espec\u00edficas de la mercanc\u00eda, garantizando su seguridad durante el trayecto.<\/p>\n<\/div>\n<\/div>\n<\/div>\n\n\n\n<div class=\"wp-block-group is-style-bk-box-shadow has-pure-white-background-color has-background is-layout-flow wp-block-group-is-layout-flow\" style=\"border-radius:6px;padding-top:var(--wp--preset--spacing--medium);padding-right:var(--wp--preset--spacing--medium);padding-bottom:var(--wp--preset--spacing--medium);padding-left:var(--wp--preset--spacing--medium)\">\n<h5 class=\"wp-block-heading has-text-align-left has-body-color has-text-color has-large-font-size\" style=\"margin-bottom:var(--wp--preset--spacing--small)\"><strong>Carga L\u00edquida<\/strong><\/h5>\n\n\n\n<div class=\"wp-block-columns is-layout-flex wp-container-core-columns-is-layout-28f84493 wp-block-columns-is-layout-flex\">\n<div class=\"wp-block-column is-layout-flow wp-block-column-is-layout-flow\">\n<p>El <strong>transporte <\/strong>de <strong>carga l\u00edquida<\/strong> por carretera incluye el uso de camiones cisterna especializados para transportar sustancias l\u00edquidas como productos qu\u00edmicos, alimentos o combustibles, y requiere un manejo seguro y regulado debido a los riesgos inherentes de los l\u00edquidos. Este proceso tambi\u00e9n abarca una adecuada infraestructura de carga y descarga, as\u00ed como una documentaci\u00f3n espec\u00edfica y el cumplimiento de normativas para garantizar la seguridad y la protecci\u00f3n del medio ambiente.<\/p>\n<\/div>\n<\/div>\n<\/div>\n\n\n\n<div class=\"wp-block-group alignfull has-global-padding is-content-justification-center is-layout-constrained wp-block-group-is-layout-constrained\" style=\"margin-top:0;margin-bottom:0\">\n<div style=\"height:var(--wp--preset--spacing--20)\" aria-hidden=\"true\" class=\"wp-block-spacer\"><\/div>\n\n\n\n<div class=\"wp-block-group alignwide is-layout-flow wp-block-group-is-layout-flow\">\n<div style=\"height:7px\" aria-hidden=\"true\" class=\"wp-block-spacer\"><\/div>\n<\/div>\n\n\n\n<div style=\"height:var(--wp--preset--spacing--20)\" aria-hidden=\"true\" class=\"wp-block-spacer\"><\/div>\n<\/div>\n\n\n\n<div class=\"wp-block-group alignfull has-global-padding is-content-justification-center is-layout-constrained wp-block-group-is-layout-constrained\" style=\"margin-top:0;margin-bottom:0\">\n<div style=\"height:var(--wp--preset--spacing--20)\" aria-hidden=\"true\" class=\"wp-block-spacer\"><\/div>\n\n\n\n<div class=\"wp-block-group is-layout-flow wp-block-group-is-layout-flow\">\n<div class=\"wp-block-columns alignwide are-vertically-aligned-top is-layout-flex wp-container-core-columns-is-layout-5c8fb865 wp-block-columns-is-layout-flex\">\n<div class=\"wp-block-column is-vertically-aligned-top has-global-padding is-content-justification-left is-layout-constrained wp-container-core-column-is-layout-95996b15 wp-block-column-is-layout-constrained\">\n<h2 class=\"wp-block-heading\">Galeria<\/h2>\n<\/div>\n\n\n\n<div class=\"wp-block-column is-vertically-aligned-top is-layout-flow wp-block-column-is-layout-flow\" style=\"flex-basis:40%\">\n<p>Nuestra flota<\/p>\n\n\n\n<div class=\"wp-block-buttons is-layout-flex wp-block-buttons-is-layout-flex\">\n<div class=\"wp-block-button\"><a class=\"wp-block-button__link wp-element-button\" href=\"https:\/\/ltlsas.com\/?page_id=180\">Cont\u00e1ctenos<\/a><\/div>\n<\/div>\n<\/div>\n<\/div>\n\n\n\n<div style=\"height:var(--wp--preset--spacing--20)\" aria-hidden=\"true\" class=\"wp-block-spacer\"><\/div>\n<\/div>\n\n\n\n<div style=\"height:var(--wp--preset--spacing--20)\" aria-hidden=\"true\" class=\"wp-block-spacer\"><\/div>\n<\/div>\n<\/div>\n\n\n\n<div class=\"wp-block-columns alignwide are-vertically-aligned-top is-layout-flex wp-container-core-columns-is-layout-08c01c1c wp-block-columns-is-layout-flex\">\n<div class=\"wp-block-column is-vertically-aligned-top is-layout-flow wp-block-column-is-layout-flow\">\n<div class=\"wp-block-group wp-container-content-231d8afb is-vertical is-content-justification-left is-nowrap is-layout-flex wp-container-core-group-is-layout-d439c89b wp-block-group-is-layout-flex\" style=\"margin-top:0;margin-bottom:0\">\n<figure class=\"wp-block-image size-large wp-container-content-0733e5d0\"><img loading=\"lazy\" decoding=\"async\" width=\"785\" height=\"1024\" src=\"https:\/\/ltlsas.com\/wp-content\/uploads\/2025\/09\/galery-other-785x1024.jpeg\" alt=\"\" class=\"wp-image-368\" srcset=\"https:\/\/ltlsas.com\/wp-content\/uploads\/2025\/09\/galery-other-785x1024.jpeg 785w, https:\/\/ltlsas.com\/wp-content\/uploads\/2025\/09\/galery-other-230x300.jpeg 230w, https:\/\/ltlsas.com\/wp-content\/uploads\/2025\/09\/galery-other-768x1002.jpeg 768w, https:\/\/ltlsas.com\/wp-content\/uploads\/2025\/09\/galery-other.jpeg 900w\" sizes=\"auto, (max-width: 785px) 100vw, 785px\" \/><\/figure>\n<\/div>\n<\/div>\n\n\n\n<div class=\"wp-block-column is-vertically-aligned-top is-layout-flow wp-block-column-is-layout-flow\">\n<div class=\"wp-block-group wp-container-content-231d8afb is-vertical is-layout-flex wp-container-core-group-is-layout-05b43539 wp-block-group-is-layout-flex\" style=\"margin-top:0;margin-bottom:0\">\n<figure class=\"wp-block-image size-full\" style=\"font-size:14px\"><img loading=\"lazy\" decoding=\"async\" width=\"576\" height=\"861\" src=\"https:\/\/ltlsas.com\/wp-content\/uploads\/2025\/09\/galery-carga-seca.jpg\" alt=\"\" class=\"wp-image-370\" srcset=\"https:\/\/ltlsas.com\/wp-content\/uploads\/2025\/09\/galery-carga-seca.jpg 576w, https:\/\/ltlsas.com\/wp-content\/uploads\/2025\/09\/galery-carga-seca-201x300.jpg 201w\" sizes=\"auto, (max-width: 576px) 100vw, 576px\" \/><\/figure>\n<\/div>\n<\/div>\n<\/div>\n\n\n\n<figure class=\"wp-block-gallery has-nested-images columns-default is-cropped wp-block-gallery-1 is-layout-flex wp-block-gallery-is-layout-flex\">\n<figure class=\"wp-block-image size-large\"><img loading=\"lazy\" decoding=\"async\" width=\"1024\" height=\"768\" data-id=\"217\" src=\"https:\/\/ltlsas.com\/wp-content\/uploads\/2025\/09\/WhatsApp-Image-2025-08-22-at-5.08.56-PM-1024x768.jpeg\" alt=\"\" class=\"wp-image-217\" srcset=\"https:\/\/ltlsas.com\/wp-content\/uploads\/2025\/09\/WhatsApp-Image-2025-08-22-at-5.08.56-PM-1024x768.jpeg 1024w, https:\/\/ltlsas.com\/wp-content\/uploads\/2025\/09\/WhatsApp-Image-2025-08-22-at-5.08.56-PM-300x225.jpeg 300w, https:\/\/ltlsas.com\/wp-content\/uploads\/2025\/09\/WhatsApp-Image-2025-08-22-at-5.08.56-PM-768x576.jpeg 768w, https:\/\/ltlsas.com\/wp-content\/uploads\/2025\/09\/WhatsApp-Image-2025-08-22-at-5.08.56-PM.jpeg 1155w\" sizes=\"auto, (max-width: 1024px) 100vw, 1024px\" \/><\/figure>\n\n\n\n<figure class=\"wp-block-image size-large\"><img loading=\"lazy\" decoding=\"async\" width=\"1024\" height=\"768\" data-id=\"219\" src=\"https:\/\/ltlsas.com\/wp-content\/uploads\/2025\/09\/WhatsApp-Image-2025-08-22-at-4.59.04-PM-1024x768.jpeg\" alt=\"\" class=\"wp-image-219\" srcset=\"https:\/\/ltlsas.com\/wp-content\/uploads\/2025\/09\/WhatsApp-Image-2025-08-22-at-4.59.04-PM-1024x768.jpeg 1024w, https:\/\/ltlsas.com\/wp-content\/uploads\/2025\/09\/WhatsApp-Image-2025-08-22-at-4.59.04-PM-300x225.jpeg 300w, https:\/\/ltlsas.com\/wp-content\/uploads\/2025\/09\/WhatsApp-Image-2025-08-22-at-4.59.04-PM-768x576.jpeg 768w, https:\/\/ltlsas.com\/wp-content\/uploads\/2025\/09\/WhatsApp-Image-2025-08-22-at-4.59.04-PM-1536x1152.jpeg 1536w, https:\/\/ltlsas.com\/wp-content\/uploads\/2025\/09\/WhatsApp-Image-2025-08-22-at-4.59.04-PM.jpeg 1600w\" sizes=\"auto, (max-width: 1024px) 100vw, 1024px\" \/><\/figure>\n\n\n\n<figure class=\"wp-block-image size-large\"><img loading=\"lazy\" decoding=\"async\" width=\"1024\" height=\"645\" data-id=\"223\" src=\"https:\/\/ltlsas.com\/wp-content\/uploads\/2025\/09\/WhatsApp-Image-2025-08-22-at-5.00.10-PM-1024x645.jpeg\" alt=\"\" class=\"wp-image-223\" srcset=\"https:\/\/ltlsas.com\/wp-content\/uploads\/2025\/09\/WhatsApp-Image-2025-08-22-at-5.00.10-PM-1024x645.jpeg 1024w, https:\/\/ltlsas.com\/wp-content\/uploads\/2025\/09\/WhatsApp-Image-2025-08-22-at-5.00.10-PM-300x189.jpeg 300w, https:\/\/ltlsas.com\/wp-content\/uploads\/2025\/09\/WhatsApp-Image-2025-08-22-at-5.00.10-PM-768x484.jpeg 768w, https:\/\/ltlsas.com\/wp-content\/uploads\/2025\/09\/WhatsApp-Image-2025-08-22-at-5.00.10-PM.jpeg 1080w\" sizes=\"auto, (max-width: 1024px) 100vw, 1024px\" \/><\/figure>\n\n\n\n<figure class=\"wp-block-image size-large\"><img loading=\"lazy\" decoding=\"async\" width=\"800\" height=\"700\" data-id=\"228\" src=\"https:\/\/ltlsas.com\/wp-content\/uploads\/2025\/08\/feature-img1.jpg\" alt=\"\" class=\"wp-image-228\" srcset=\"https:\/\/ltlsas.com\/wp-content\/uploads\/2025\/08\/feature-img1.jpg 800w, https:\/\/ltlsas.com\/wp-content\/uploads\/2025\/08\/feature-img1-300x263.jpg 300w, https:\/\/ltlsas.com\/wp-content\/uploads\/2025\/08\/feature-img1-768x672.jpg 768w\" sizes=\"auto, (max-width: 800px) 100vw, 800px\" \/><\/figure>\n\n\n\n<figure class=\"wp-block-image size-large\"><img loading=\"lazy\" decoding=\"async\" width=\"1024\" height=\"461\" data-id=\"27\" src=\"https:\/\/ltlsas.com\/wp-content\/uploads\/2025\/08\/ltl-4000-opc1-1024x461.jpeg\" alt=\"\" class=\"wp-image-27\" srcset=\"https:\/\/ltlsas.com\/wp-content\/uploads\/2025\/08\/ltl-4000-opc1-1024x461.jpeg 1024w, https:\/\/ltlsas.com\/wp-content\/uploads\/2025\/08\/ltl-4000-opc1-300x135.jpeg 300w, https:\/\/ltlsas.com\/wp-content\/uploads\/2025\/08\/ltl-4000-opc1-768x346.jpeg 768w, https:\/\/ltlsas.com\/wp-content\/uploads\/2025\/08\/ltl-4000-opc1-1536x691.jpeg 1536w, https:\/\/ltlsas.com\/wp-content\/uploads\/2025\/08\/ltl-4000-opc1-2048x922.jpeg 2048w\" sizes=\"auto, (max-width: 1024px) 100vw, 1024px\" \/><\/figure>\n<\/figure>\n","protected":false},"excerpt":{"rendered":"<p>SERVICIOS Ofrecemos la mejor calidad en servicios de transporte Carga Seca Entendemos la importancia de que su mercanc\u00eda llegue a su destino en perfectas condiciones y en los tiempos de entrega pactados. Carga L\u00edquida Nos especializamos en el transporte de carga l\u00edquida, operando bajo las m\u00e1s estrictas normativas de seguridad y medio ambiente. Cargas Especiales [&hellip;]<\/p>\n","protected":false},"author":1,"featured_media":0,"parent":0,"menu_order":0,"comment_status":"closed","ping_status":"closed","template":"","meta":{"_joinchat":[],"footnotes":""},"class_list":["post-146","page","type-page","status-publish","hentry"],"_links":{"self":[{"href":"https:\/\/ltlsas.com\/index.php?rest_route=\/wp\/v2\/pages\/146","targetHints":{"allow":["GET"]}}],"collection":[{"href":"https:\/\/ltlsas.com\/index.php?rest_route=\/wp\/v2\/pages"}],"about":[{"href":"https:\/\/ltlsas.com\/index.php?rest_route=\/wp\/v2\/types\/page"}],"author":[{"embeddable":true,"href":"https:\/\/ltlsas.com\/index.php?rest_route=\/wp\/v2\/users\/1"}],"replies":[{"embeddable":true,"href":"https:\/\/ltlsas.com\/index.php?rest_route=%2Fwp%2Fv2%2Fcomments&post=146"}],"version-history":[{"count":6,"href":"https:\/\/ltlsas.com\/index.php?rest_route=\/wp\/v2\/pages\/146\/revisions"}],"predecessor-version":[{"id":380,"href":"https:\/\/ltlsas.com\/index.php?rest_route=\/wp\/v2\/pages\/146\/revisions\/380"}],"wp:attachment":[{"href":"https:\/\/ltlsas.com\/index.php?rest_route=%2Fwp%2Fv2%2Fmedia&parent=146"}],"curies":[{"name":"wp","href":"https:\/\/api.w.org\/{rel}","templated":true}]}}