{"id":177,"date":"2025-09-16T21:51:06","date_gmt":"2025-09-16T21:51:06","guid":{"rendered":"https:\/\/ltlsas.com\/?page_id=177"},"modified":"2025-09-20T15:13:02","modified_gmt":"2025-09-20T15:13:02","slug":"certificaciones","status":"publish","type":"page","link":"https:\/\/ltlsas.com\/?page_id=177","title":{"rendered":"CERTIFICACIONES"},"content":{"rendered":"\n<div class=\"wp-block-cover alignfull wp-duotone-rgb6264149-rgb255255253-3\" style=\"padding-top:var(--wp--preset--spacing--xx-large);padding-bottom:var(--wp--preset--spacing--xx-large);min-height:50px;aspect-ratio:unset;\"><img decoding=\"async\" class=\"wp-block-cover__image-background wp-image-168\" alt=\"\" src=\"https:\/\/ltlsas.com\/wp-content\/themes\/blockskit-construction\/assets\/images\/project-img5.jpg\" data-object-fit=\"cover\"\/><span aria-hidden=\"true\" class=\"wp-block-cover__background has-foreground-background-color has-background-dim-90 has-background-dim\"><\/span><div class=\"wp-block-cover__inner-container has-global-padding is-layout-constrained wp-container-core-cover-is-layout-13138de1 wp-block-cover-is-layout-constrained\">\n<div class=\"wp-block-group has-global-padding is-layout-constrained wp-container-core-group-is-layout-2e37b0fa wp-block-group-is-layout-constrained\" style=\"padding-top:0;padding-right:var(--wp--preset--spacing--x-small);padding-bottom:0;padding-left:var(--wp--preset--spacing--x-small)\">\n<div class=\"wp-block-group is-content-justification-center is-nowrap is-layout-flex wp-container-core-group-is-layout-23441af8 wp-block-group-is-layout-flex\">\n<h6 class=\"wp-block-heading has-pure-white-color has-text-color has-link-color has-x-small-font-size wp-elements-46aa4b6353e3cf031140c0c94be7b6ea\">CERTIFICACIONES<\/h6>\n\n\n\n<hr class=\"wp-block-separator has-text-color has-pure-white-color has-alpha-channel-opacity has-pure-white-background-color has-background is-style-wide wp-container-content-e1bb55cb\"\/>\n<\/div>\n\n\n\n<h2 class=\"wp-block-heading has-text-align-center\" style=\"line-height:1.1\">Contamos con Certificaciones Clave<\/h2>\n<\/div>\n\n\n\n<div class=\"wp-block-columns is-layout-flex wp-container-core-columns-is-layout-f619a8c7 wp-block-columns-is-layout-flex\">\n<div class=\"wp-block-column is-layout-flow wp-block-column-is-layout-flow\">\n<div class=\"wp-block-group has-global-padding is-layout-constrained wp-block-group-is-layout-constrained\">\n<div class=\"wp-block-group has-global-padding is-layout-constrained wp-block-group-is-layout-constrained\">\n<div class=\"wp-block-group is-style-default has-x-small-font-size is-vertical is-content-justification-center is-layout-flex wp-container-core-group-is-layout-be4729ad wp-block-group-is-layout-flex has-background\" style=\"border-radius:15px;margin-top:0;margin-bottom:0;padding-top:var(--wp--preset--spacing--xx-large);padding-right:0;padding-bottom:var(--wp--preset--spacing--xx-large);padding-left:0;background-image:url(&#039;https:\/\/ltlsas.com\/wp-content\/themes\/blockskit-construction\/assets\/images\/project-img1.jpg&#039;);background-size:cover;\">\n<div style=\"height:0px;width:0px\" aria-hidden=\"true\" class=\"wp-block-spacer wp-container-content-9760934e\"><\/div>\n\n\n\n<div style=\"height:75px\" aria-hidden=\"true\" class=\"wp-block-spacer wp-container-content-6db97022\"><\/div>\n<\/div>\n<\/div>\n<\/div>\n\n\n\n<div class=\"wp-block-group has-background-background-color has-background has-global-padding is-layout-constrained wp-container-core-group-is-layout-9a4c8acf wp-block-group-is-layout-constrained\" style=\"border-radius:10px;border-bottom-color:var(--wp--preset--color--highlight);border-bottom-width:5px;border-left-color:var(--wp--preset--color--highlight);border-left-width:5px;padding-top:var(--wp--preset--spacing--small);padding-right:var(--wp--preset--spacing--small);padding-bottom:var(--wp--preset--spacing--small);padding-left:var(--wp--preset--spacing--small)\">\n<h6 class=\"wp-block-heading has-highlight-color has-text-color has-link-color has-x-small-font-size wp-elements-7f297147b3ec8fc2e3cb444f04149dfb\">ISO 9001:2015<\/h6>\n\n\n\n<h5 class=\"wp-block-heading has-heading-color has-text-color has-link-color wp-elements-633c6eb9870d9934e3561ecc2912a9fa\" style=\"line-height:1.1\">Esta certificaci\u00f3n garantiza nuestro compromiso con la <strong>excelencia y la mejora continua<\/strong>. Nuestros procesos est\u00e1n estandarizados para asegurar la m\u00e1xima eficiencia y la total satisfacci\u00f3n del cliente en cada servicio que ofrecemos.<\/h5>\n\n\n\n<div class=\"wp-block-buttons is-layout-flex wp-block-buttons-is-layout-flex\">\n<div class=\"wp-block-button\"><a class=\"wp-block-button__link wp-element-button\" href=\"https:\/\/ltlsas.com\/wp-content\/uploads\/2025\/08\/pdf\/LTL-EXPRESS-S.A.S.-9001-SV-1.pdf\" target=\"_blank\">Visualizar<\/a><\/div>\n<\/div>\n<\/div>\n<\/div>\n\n\n\n<div class=\"wp-block-column is-layout-flow wp-block-column-is-layout-flow\">\n<div class=\"wp-block-group has-x-small-font-size is-vertical is-content-justification-center is-layout-flex wp-container-core-group-is-layout-87863425 wp-block-group-is-layout-flex has-background\" style=\"border-radius:15px;margin-top:0;margin-bottom:0;padding-top:var(--wp--preset--spacing--xx-large);padding-right:0;padding-bottom:var(--wp--preset--spacing--xx-large);padding-left:0;background-image:url(&#039;https:\/\/ltlsas.com\/wp-content\/themes\/blockskit-construction\/assets\/images\/project-img2.jpg&#039;);background-size:cover;\">\n<div style=\"height:150px\" aria-hidden=\"true\" class=\"wp-block-spacer wp-container-content-88a6062c\"><\/div>\n<\/div>\n\n\n\n<div class=\"wp-block-group has-background-background-color has-background has-global-padding is-layout-constrained wp-container-core-group-is-layout-9a4c8acf wp-block-group-is-layout-constrained\" style=\"border-radius:10px;border-bottom-color:var(--wp--preset--color--highlight);border-bottom-width:5px;border-left-color:var(--wp--preset--color--highlight);border-left-width:5px;padding-top:var(--wp--preset--spacing--small);padding-right:var(--wp--preset--spacing--small);padding-bottom:var(--wp--preset--spacing--small);padding-left:var(--wp--preset--spacing--small)\">\n<h6 class=\"wp-block-heading has-highlight-color has-text-color has-link-color has-x-small-font-size wp-elements-0268f1fe865ae783c1f402cecf59f054\">ISO 14001:2015<\/h6>\n\n\n\n<h5 class=\"wp-block-heading has-heading-color has-text-color has-link-color wp-elements-175905b7f7f074d64349e1adf8070a9d\" style=\"line-height:1.1\">Operamos con un profundo respeto por el entorno. Esta certificaci\u00f3n valida nuestras pr\u00e1cticas para <strong>prevenir la contaminaci\u00f3n y minimizar el impacto ambiental<\/strong>, asegurando que su carga sea transportada de manera sostenible y responsable.<\/h5>\n\n\n\n<div class=\"wp-block-buttons is-layout-flex wp-block-buttons-is-layout-flex\">\n<div class=\"wp-block-button\"><a class=\"wp-block-button__link wp-element-button\" href=\"https:\/\/ltlsas.com\/wp-content\/uploads\/2025\/08\/pdf\/LTL-EXPRESS-S.A.S-14001-SV-1.pdf\" target=\"_blank\">Visualizar<\/a><\/div>\n<\/div>\n<\/div>\n<\/div>\n\n\n\n<div class=\"wp-block-column is-layout-flow wp-block-column-is-layout-flow\">\n<div class=\"wp-block-group has-x-small-font-size is-vertical is-content-justification-stretch is-layout-flex wp-container-core-group-is-layout-648fbe46 wp-block-group-is-layout-flex has-background\" style=\"border-radius:15px;padding-top:var(--wp--preset--spacing--xx-large);padding-right:0;padding-bottom:var(--wp--preset--spacing--xx-large);padding-left:0;background-image:url(&#039;https:\/\/ltlsas.com\/wp-content\/themes\/blockskit-construction\/assets\/images\/project-img3.jpg&#039;);background-size:cover;\">\n<div style=\"height:170px\" aria-hidden=\"true\" class=\"wp-block-spacer wp-container-content-284c7c87\"><\/div>\n<\/div>\n\n\n\n<div class=\"wp-block-group has-background-background-color has-background has-global-padding is-layout-constrained wp-container-core-group-is-layout-9a4c8acf wp-block-group-is-layout-constrained\" style=\"border-radius:10px;border-bottom-color:var(--wp--preset--color--highlight);border-bottom-width:5px;border-left-color:var(--wp--preset--color--highlight);border-left-width:5px;padding-top:var(--wp--preset--spacing--small);padding-right:var(--wp--preset--spacing--small);padding-bottom:var(--wp--preset--spacing--small);padding-left:var(--wp--preset--spacing--small)\">\n<h6 class=\"wp-block-heading has-highlight-color has-text-color has-link-color has-x-small-font-size wp-elements-06eb8c1b4e40c388f3cb61a1efc3a106\">ISO 45001:2018<\/h6>\n\n\n\n<h5 class=\"wp-block-heading has-heading-color has-text-color has-link-color wp-elements-f00038c225d38dd2fabd8eb41b459e1e\" style=\"line-height:1.1\">La seguridad es <strong>nuestra m\u00e1xima prioridad<\/strong>. Esta certificaci\u00f3n demuestra nuestro compromiso para <strong>eliminar peligros y reducir riesgos<\/strong> en todas nuestras operaciones, protegiendo a nuestro equipo, a su carga y a la comunidad en cada trayecto.<\/h5>\n\n\n\n<div class=\"wp-block-buttons is-layout-flex wp-block-buttons-is-layout-flex\">\n<div class=\"wp-block-button\"><a class=\"wp-block-button__link wp-element-button\" href=\"https:\/\/ltlsas.com\/wp-content\/uploads\/2025\/08\/pdf\/LTL-EXPRESS-S.A.S-45001-SV-1.pdf\" target=\"_blank\">Visualizar<\/a><\/div>\n<\/div>\n<\/div>\n<\/div>\n<\/div>\n\n\n\n<div class=\"wp-block-group is-content-justification-center is-layout-flex wp-container-core-group-is-layout-b4ffac93 wp-block-group-is-layout-flex\">\n<div class=\"wp-block-buttons is-content-justification-center is-layout-flex wp-container-core-buttons-is-layout-a89b3969 wp-block-buttons-is-layout-flex\"><\/div>\n\n\n\n<div class=\"wp-block-buttons is-content-justification-left is-layout-flex wp-container-core-buttons-is-layout-fc4fd283 wp-block-buttons-is-layout-flex\">\n\n<\/div>\n<\/div>\n<\/div><\/div>\n","protected":false},"excerpt":{"rendered":"","protected":false},"author":1,"featured_media":0,"parent":0,"menu_order":0,"comment_status":"closed","ping_status":"closed","template":"","meta":{"_joinchat":[],"footnotes":""},"class_list":["post-177","page","type-page","status-publish","hentry"],"_links":{"self":[{"href":"https:\/\/ltlsas.com\/index.php?rest_route=\/wp\/v2\/pages\/177","targetHints":{"allow":["GET"]}}],"collection":[{"href":"https:\/\/ltlsas.com\/index.php?rest_route=\/wp\/v2\/pages"}],"about":[{"href":"https:\/\/ltlsas.com\/index.php?rest_route=\/wp\/v2\/types\/page"}],"author":[{"embeddable":true,"href":"https:\/\/ltlsas.com\/index.php?rest_route=\/wp\/v2\/users\/1"}],"replies":[{"embeddable":true,"href":"https:\/\/ltlsas.com\/index.php?rest_route=%2Fwp%2Fv2%2Fcomments&post=177"}],"version-history":[{"count":3,"href":"https:\/\/ltlsas.com\/index.php?rest_route=\/wp\/v2\/pages\/177\/revisions"}],"predecessor-version":[{"id":340,"href":"https:\/\/ltlsas.com\/index.php?rest_route=\/wp\/v2\/pages\/177\/revisions\/340"}],"wp:attachment":[{"href":"https:\/\/ltlsas.com\/index.php?rest_route=%2Fwp%2Fv2%2Fmedia&parent=177"}],"curies":[{"name":"wp","href":"https:\/\/api.w.org\/{rel}","templated":true}]}}